{"id":2817,"date":"2022-03-03T16:23:15","date_gmt":"2022-03-03T15:23:15","guid":{"rendered":"https:\/\/newlookonline.it\/?post_type=product&#038;p=2817"},"modified":"2023-08-10T14:48:04","modified_gmt":"2023-08-10T12:48:04","slug":"termico-chronologiste","status":"publish","type":"product","link":"https:\/\/newlookonline.it\/?product=termico-chronologiste","title":{"rendered":"Termico Chronologiste"},"content":{"rendered":"<p>K\u00e9rastase Chronologiste Thermique R\u00e9g\u00e9n\u00e9rant sigilla le fibre dei capelli e fornisce una protezione dal calore fino a 230\u00b0. Il trattamento di rifinitura leave-in assicura capelli giovani e belli. Il K\u00e9rastase Chronologiste Thermique R\u00e9g\u00e9n\u00e9rant affina la struttura dei capelli e sigilla la superficie dei capelli. Il K\u00e9rastase Chronologiste Thermique R\u00e9g\u00e9n\u00e9rant fornisce un effetto anti-crespo fino a 96 ore, rallenta la rigenerazione dei capelli fino a 4 giorni e facilita lo styling.<\/p>\n","protected":false},"excerpt":{"rendered":"<p>K\u00e9rastase Chronologiste Thermique R\u00e9g\u00e9n\u00e9rant sigilla le fibre dei capelli e fornisce una protezione dal calore fino a 230\u00b0. Il trattamento di rifinitura leave-in assicura capelli giovani e belli. Il K\u00e9rastase Chronologiste Thermique R\u00e9g\u00e9n\u00e9rant affina la struttura dei capelli e sigilla la superficie dei capelli. Il K\u00e9rastase Chronologiste Thermique R\u00e9g\u00e9n\u00e9rant fornisce un effetto anti-crespo fino a [&hellip;]<\/p>\n","protected":false},"featured_media":2813,"comment_status":"closed","ping_status":"closed","template":"","meta":[],"product_cat":[36,40],"product_tag":[87,174,68],"class_list":{"0":"post-2817","1":"product","2":"type-product","3":"status-publish","4":"has-post-thumbnail","6":"product_cat-generale","7":"product_cat-trattamento-senza-risciacquo","8":"product_tag-chronologiste","9":"product_tag-lusso","10":"product_tag-termico","12":"first","13":"instock","14":"sold-individually","15":"taxable","16":"shipping-taxable","17":"purchasable","18":"product-type-simple"},"_links":{"self":[{"href":"https:\/\/newlookonline.it\/index.php?rest_route=\/wp\/v2\/product\/2817"}],"collection":[{"href":"https:\/\/newlookonline.it\/index.php?rest_route=\/wp\/v2\/product"}],"about":[{"href":"https:\/\/newlookonline.it\/index.php?rest_route=\/wp\/v2\/types\/product"}],"replies":[{"embeddable":true,"href":"https:\/\/newlookonline.it\/index.php?rest_route=%2Fwp%2Fv2%2Fcomments&post=2817"}],"wp:featuredmedia":[{"embeddable":true,"href":"https:\/\/newlookonline.it\/index.php?rest_route=\/wp\/v2\/media\/2813"}],"wp:attachment":[{"href":"https:\/\/newlookonline.it\/index.php?rest_route=%2Fwp%2Fv2%2Fmedia&parent=2817"}],"wp:term":[{"taxonomy":"product_cat","embeddable":true,"href":"https:\/\/newlookonline.it\/index.php?rest_route=%2Fwp%2Fv2%2Fproduct_cat&post=2817"},{"taxonomy":"product_tag","embeddable":true,"href":"https:\/\/newlookonline.it\/index.php?rest_route=%2Fwp%2Fv2%2Fproduct_tag&post=2817"}],"curies":[{"name":"wp","href":"https:\/\/api.w.org\/{rel}","templated":true}]}}