{"id":2815,"date":"2022-03-03T16:20:31","date_gmt":"2022-03-03T15:20:31","guid":{"rendered":"https:\/\/newlookonline.it\/?post_type=product&#038;p=2815"},"modified":"2022-03-03T16:20:31","modified_gmt":"2022-03-03T15:20:31","slug":"pre-shampoo-chronologiste-2","status":"publish","type":"product","link":"https:\/\/newlookonline.it\/?product=pre-shampoo-chronologiste-2","title":{"rendered":"Pre shampoo Chronologiste"},"content":{"rendered":"<p><em>Un pre-shampoo ringiovanente e purificante che rimuove le impurit\u00e0 e garantisce un cuoio capelluto equilibrato<\/em>. \u00c9 formulato appositamente per l&#8217;invecchiamento dei capelli e del cuoio capelluto. Con\u00a0<em>acido ialuronico<\/em>\u00a0e\u00a0<em>carbone<\/em>\u00a0purifica profondamente il cuoio capelluto per rimuovere le cellule morte della pelle e l&#8217;inquinamento. I capelli saranno perfettamente puliti gi\u00e0 prima di procedere allo shampoo.\u00a0<strong>Kerastase Chronologiste Pre Cleanse Regenerant pre shampoo\u00a0<\/strong>rimuove fino al 96% in pi\u00f9 di particelle sporche rispetto a uno shampoo normale. L\u2019acido ialuronico rende i capelli idratati e quindi viene introdotta pi\u00f9 umidit\u00e0. Il pre-shampoo rinforza le fibre dei capelli e d\u00e0 pi\u00f9 corpo ai capelli. La ricca e lussuosa texture in\u00a0<em>gel nero<\/em>\u00a0nutre i capelli in profondit\u00e0 e li fa sembrare di nuovo meravigliosamente sani. Con note di rosa, cedro e muschio, d\u00e0 una\u00a0<em>sensazione di benessere<\/em>\u00a0all\u2019applicazione.<\/p>\n","protected":false},"excerpt":{"rendered":"<p>Un pre-shampoo ringiovanente e purificante che rimuove le impurit\u00e0 e garantisce un cuoio capelluto equilibrato. \u00c9 formulato appositamente per l&#8217;invecchiamento dei capelli e del cuoio capelluto. Con\u00a0acido ialuronico\u00a0e\u00a0carbone\u00a0purifica profondamente il cuoio capelluto per rimuovere le cellule morte della pelle e l&#8217;inquinamento. I capelli saranno perfettamente puliti gi\u00e0 prima di procedere allo shampoo.\u00a0Kerastase Chronologiste Pre Cleanse [&hellip;]<\/p>\n","protected":false},"featured_media":2809,"comment_status":"closed","ping_status":"closed","template":"","meta":[],"product_cat":[36],"product_tag":[87,174,173],"class_list":{"0":"post-2815","1":"product","2":"type-product","3":"status-publish","4":"has-post-thumbnail","6":"product_cat-generale","7":"product_tag-chronologiste","8":"product_tag-lusso","9":"product_tag-preshampo","11":"first","12":"instock","13":"taxable","14":"shipping-taxable","15":"purchasable","16":"product-type-simple"},"_links":{"self":[{"href":"https:\/\/newlookonline.it\/index.php?rest_route=\/wp\/v2\/product\/2815"}],"collection":[{"href":"https:\/\/newlookonline.it\/index.php?rest_route=\/wp\/v2\/product"}],"about":[{"href":"https:\/\/newlookonline.it\/index.php?rest_route=\/wp\/v2\/types\/product"}],"replies":[{"embeddable":true,"href":"https:\/\/newlookonline.it\/index.php?rest_route=%2Fwp%2Fv2%2Fcomments&post=2815"}],"wp:featuredmedia":[{"embeddable":true,"href":"https:\/\/newlookonline.it\/index.php?rest_route=\/wp\/v2\/media\/2809"}],"wp:attachment":[{"href":"https:\/\/newlookonline.it\/index.php?rest_route=%2Fwp%2Fv2%2Fmedia&parent=2815"}],"wp:term":[{"taxonomy":"product_cat","embeddable":true,"href":"https:\/\/newlookonline.it\/index.php?rest_route=%2Fwp%2Fv2%2Fproduct_cat&post=2815"},{"taxonomy":"product_tag","embeddable":true,"href":"https:\/\/newlookonline.it\/index.php?rest_route=%2Fwp%2Fv2%2Fproduct_tag&post=2815"}],"curies":[{"name":"wp","href":"https:\/\/api.w.org\/{rel}","templated":true}]}}