{"id":2803,"date":"2022-03-03T16:07:28","date_gmt":"2022-03-03T15:07:28","guid":{"rendered":"https:\/\/newlookonline.it\/?post_type=product&#038;p=2803"},"modified":"2023-01-25T09:30:30","modified_gmt":"2023-01-25T08:30:30","slug":"pre-shampoo-chronologiste","status":"publish","type":"product","link":"https:\/\/newlookonline.it\/?product=pre-shampoo-chronologiste","title":{"rendered":"Shampoo Chronologiste"},"content":{"rendered":"<div>erastase Chronologiste Bain R\u00e9g\u00e9n\u00e9rant 250ml &#8211; shampoo rivitalizzante<\/div>\n<div><\/div>\n<div>\n<div>Shampoo che purifica e idrata i capelli lasciando il cuoio capelluto pi\u00f9 forte, leggero e pieno di vitalit\u00e0. Una prodigiosa molecola, l\u2019Abyssine, abbinata all&#8217;acido Ialuronico, \u00e8 contenuta nei prodotti di questa linea unica che purifica il cuoio capelluto, protegge e ripara la fibra capillare. Un ritu\u00e9l esclusivo di rigenerazione del capello per una metamorfosi completa per un risultato inedito e sofisticato per tutti i tipi di capelli. Innovativa texture, arricchita di microgranuli per purificare e detergere intensamente la fibra capillare ed il cuoio capelluto.<\/div>\n<div>Benefici: Liscia e rafforza la fibra dei capelli invecchiati e devitalizzati. Purifica e deterge il cuoio capelluto idratandolo. Energizza la fibra del capello, lascia i capelli morbidi e leggeri che riacquistano vitalit\u00e0 e lucentezza.<\/div>\n<div><\/div>\n<div>Uso: Applicare su capelli bagnati, massaggiare accuratamente fino a ottenere una schiuma ricca e leggera, sciacquare abbondantemente. Ripetere prima di procedere con l&#8217;applicazione della maschera.<\/div>\n<div><\/div>\n<div>Ingredienti principali:<\/div>\n<div>Abyssine + Acido Ialuronico + Vitamina E<\/div>\n<\/div>\n","protected":false},"excerpt":{"rendered":"<p>erastase Chronologiste Bain R\u00e9g\u00e9n\u00e9rant 250ml &#8211; shampoo rivitalizzante Shampoo che purifica e idrata i capelli lasciando il cuoio capelluto pi\u00f9 forte, leggero e pieno di vitalit\u00e0. Una prodigiosa molecola, l\u2019Abyssine, abbinata all&#8217;acido Ialuronico, \u00e8 contenuta nei prodotti di questa linea unica che purifica il cuoio capelluto, protegge e ripara la fibra capillare. Un ritu\u00e9l esclusivo [&hellip;]<\/p>\n","protected":false},"featured_media":2806,"comment_status":"closed","ping_status":"closed","template":"","meta":[],"product_cat":[36],"product_tag":[87,45,174,173],"class_list":{"0":"post-2803","1":"product","2":"type-product","3":"status-publish","4":"has-post-thumbnail","6":"product_cat-generale","7":"product_tag-chronologiste","8":"product_tag-kerastase","9":"product_tag-lusso","10":"product_tag-preshampo","12":"first","13":"instock","14":"taxable","15":"shipping-taxable","16":"purchasable","17":"product-type-simple"},"_links":{"self":[{"href":"https:\/\/newlookonline.it\/index.php?rest_route=\/wp\/v2\/product\/2803"}],"collection":[{"href":"https:\/\/newlookonline.it\/index.php?rest_route=\/wp\/v2\/product"}],"about":[{"href":"https:\/\/newlookonline.it\/index.php?rest_route=\/wp\/v2\/types\/product"}],"replies":[{"embeddable":true,"href":"https:\/\/newlookonline.it\/index.php?rest_route=%2Fwp%2Fv2%2Fcomments&post=2803"}],"wp:featuredmedia":[{"embeddable":true,"href":"https:\/\/newlookonline.it\/index.php?rest_route=\/wp\/v2\/media\/2806"}],"wp:attachment":[{"href":"https:\/\/newlookonline.it\/index.php?rest_route=%2Fwp%2Fv2%2Fmedia&parent=2803"}],"wp:term":[{"taxonomy":"product_cat","embeddable":true,"href":"https:\/\/newlookonline.it\/index.php?rest_route=%2Fwp%2Fv2%2Fproduct_cat&post=2803"},{"taxonomy":"product_tag","embeddable":true,"href":"https:\/\/newlookonline.it\/index.php?rest_route=%2Fwp%2Fv2%2Fproduct_tag&post=2803"}],"curies":[{"name":"wp","href":"https:\/\/api.w.org\/{rel}","templated":true}]}}