{"id":2784,"date":"2022-01-20T16:11:46","date_gmt":"2022-01-20T15:11:46","guid":{"rendered":"https:\/\/newlookonline.it\/?post_type=product&#038;p=2784"},"modified":"2023-02-14T10:07:18","modified_gmt":"2023-02-14T09:07:18","slug":"soin-acide-chroma-gloss","status":"publish","type":"product","link":"https:\/\/newlookonline.it\/?product=soin-acide-chroma-gloss","title":{"rendered":"Soin Acide Chroma Gloss"},"content":{"rendered":"<p>Un trattamento illuminante per sublimare tutti i tipi di capelli colorati. La texture fluida in crema penetra in profondit\u00e0 nella fibra capillare, per idratarla e rinforzarla, riducendone la porosit\u00e0 per un colore pi\u00f9 intenso, pi\u00f9 brillante e senza effetto crespo.<\/p>\n","protected":false},"excerpt":{"rendered":"<p>Un trattamento illuminante per sublimare tutti i tipi di capelli colorati. La texture fluida in crema penetra in profondit\u00e0 nella fibra capillare, per idratarla e rinforzarla, riducendone la porosit\u00e0 per un colore pi\u00f9 intenso, pi\u00f9 brillante e senza effetto crespo.<\/p>\n","protected":false},"featured_media":2785,"comment_status":"open","ping_status":"closed","template":"","meta":[],"product_cat":[36,42,43],"product_tag":[177,178],"class_list":{"0":"post-2784","1":"product","2":"type-product","3":"status-publish","4":"has-post-thumbnail","6":"product_cat-generale","7":"product_cat-balsamo","8":"product_cat-maschera","9":"product_tag-capelli-colorati","10":"product_tag-capelli-luminosi","12":"first","13":"instock","14":"taxable","15":"shipping-taxable","16":"purchasable","17":"product-type-simple"},"_links":{"self":[{"href":"https:\/\/newlookonline.it\/index.php?rest_route=\/wp\/v2\/product\/2784"}],"collection":[{"href":"https:\/\/newlookonline.it\/index.php?rest_route=\/wp\/v2\/product"}],"about":[{"href":"https:\/\/newlookonline.it\/index.php?rest_route=\/wp\/v2\/types\/product"}],"replies":[{"embeddable":true,"href":"https:\/\/newlookonline.it\/index.php?rest_route=%2Fwp%2Fv2%2Fcomments&post=2784"}],"wp:featuredmedia":[{"embeddable":true,"href":"https:\/\/newlookonline.it\/index.php?rest_route=\/wp\/v2\/media\/2785"}],"wp:attachment":[{"href":"https:\/\/newlookonline.it\/index.php?rest_route=%2Fwp%2Fv2%2Fmedia&parent=2784"}],"wp:term":[{"taxonomy":"product_cat","embeddable":true,"href":"https:\/\/newlookonline.it\/index.php?rest_route=%2Fwp%2Fv2%2Fproduct_cat&post=2784"},{"taxonomy":"product_tag","embeddable":true,"href":"https:\/\/newlookonline.it\/index.php?rest_route=%2Fwp%2Fv2%2Fproduct_tag&post=2784"}],"curies":[{"name":"wp","href":"https:\/\/api.w.org\/{rel}","templated":true}]}}