{"id":2778,"date":"2022-01-20T16:06:45","date_gmt":"2022-01-20T15:06:45","guid":{"rendered":"https:\/\/newlookonline.it\/?post_type=product&#038;p=2778"},"modified":"2023-01-25T09:31:43","modified_gmt":"2023-01-25T08:31:43","slug":"masque-chroma-filler","status":"publish","type":"product","link":"https:\/\/newlookonline.it\/?product=masque-chroma-filler","title":{"rendered":"Masque Chroma Filler"},"content":{"rendered":"<p>Maschera anti-porosit\u00e0 sviluppata per capelli colorati, sensibilizzati o danneggiati. Questo trattamento penetra in profondit\u00e0 nella fibra capillare per renderla pi\u00f9 forte, riducendo la porosit\u00e0 dei capelli medi e spessi. I capelli sono rinforzati e nutriti. La brillantezza e l\u2019intensit\u00e0 del colore sono preservate pi\u00f9 a lungo.<\/p>\n","protected":false},"excerpt":{"rendered":"<p>Maschera anti-porosit\u00e0 sviluppata per capelli colorati, sensibilizzati o danneggiati. Questo trattamento penetra in profondit\u00e0 nella fibra capillare per renderla pi\u00f9 forte, riducendo la porosit\u00e0 dei capelli medi e spessi. I capelli sono rinforzati e nutriti. La brillantezza e l\u2019intensit\u00e0 del colore sono preservate pi\u00f9 a lungo.<\/p>\n","protected":false},"featured_media":2781,"comment_status":"closed","ping_status":"closed","template":"","meta":[],"product_cat":[43],"product_tag":[],"class_list":{"0":"post-2778","1":"product","2":"type-product","3":"status-publish","4":"has-post-thumbnail","6":"product_cat-maschera","8":"first","9":"instock","10":"taxable","11":"shipping-taxable","12":"purchasable","13":"product-type-simple"},"_links":{"self":[{"href":"https:\/\/newlookonline.it\/index.php?rest_route=\/wp\/v2\/product\/2778"}],"collection":[{"href":"https:\/\/newlookonline.it\/index.php?rest_route=\/wp\/v2\/product"}],"about":[{"href":"https:\/\/newlookonline.it\/index.php?rest_route=\/wp\/v2\/types\/product"}],"replies":[{"embeddable":true,"href":"https:\/\/newlookonline.it\/index.php?rest_route=%2Fwp%2Fv2%2Fcomments&post=2778"}],"wp:featuredmedia":[{"embeddable":true,"href":"https:\/\/newlookonline.it\/index.php?rest_route=\/wp\/v2\/media\/2781"}],"wp:attachment":[{"href":"https:\/\/newlookonline.it\/index.php?rest_route=%2Fwp%2Fv2%2Fmedia&parent=2778"}],"wp:term":[{"taxonomy":"product_cat","embeddable":true,"href":"https:\/\/newlookonline.it\/index.php?rest_route=%2Fwp%2Fv2%2Fproduct_cat&post=2778"},{"taxonomy":"product_tag","embeddable":true,"href":"https:\/\/newlookonline.it\/index.php?rest_route=%2Fwp%2Fv2%2Fproduct_tag&post=2778"}],"curies":[{"name":"wp","href":"https:\/\/api.w.org\/{rel}","templated":true}]}}